{"id":14,"date":"2016-04-26T10:49:38","date_gmt":"2016-04-26T08:49:38","guid":{"rendered":"http:\/\/cabsystems.de\/?page_id=14"},"modified":"2018-06-24T11:37:25","modified_gmt":"2018-06-24T09:37:25","slug":"impressum","status":"publish","type":"page","link":"https:\/\/cabsystems.de\/home\/kontakt\/impressum\/","title":{"rendered":"Impressum"},"content":{"rendered":"<p><strong>CAB Systems GmbH<\/strong><br \/>\nKaltenbrunnen 95<br \/>\nCH-9427 Wolfhalden<\/p>\n<p>Friedenstrasse 4<br \/>\nD-88317 Aichstetten<\/p>\n<p>Tel. +49 (0)7565\/914 42 50<br \/>\nFax +49 (0)7565\/914 42 59<\/p>\n<p><a href=\"mailto:info@cabsystems.de\">info@cabsystems.de<\/a><br \/>\n<a href=\"http:\/\/www.cabsystems.de\">www.cabsystems.de<\/a><\/p>\n<p><strong>Inhaltlich Verantwortlicher gem\u00e4\u00df \u00a7 10 Absatz 3 MDStV:<\/strong><br \/>\nRoberto Carbone<\/p>\n<p><strong>Rechtliche Hinweise:<\/strong><br \/>\n\u00a9 Copyright &#8211; alle Rechte vorbehalten.<\/p>\n<p>Diese Website wurde mit gr\u00f6\u00dftm\u00f6glicher Sorgfalt und Genauigkeit zusammengestellt. Trotzdem kann f\u00fcr die Fehlerfreiheit der enthaltenen Informationen nicht garantiert werden.<\/p>\n<p>Die Firmen CAB Systems GmbH sowie Michael Tobias Content Marketing Ltd., Solingen, schlie\u00dfen jegliche Haftung f\u00fcr Sch\u00e4den aus, die direkt oder indirekt aus der Benutzung dieser Website oder eventueller enthaltener Links auf weiterf\u00fchrende Webseiten entstehen k\u00f6nnten, f\u00fcr deren Inhalte ausschlie\u00dflich deren Betreiber verantwortlich sind.<\/p>\n<p>Der Inhalt dieser Website darf nicht zu kommerziellen Zwecken kopiert, verbreitet, ver\u00e4ndert oder Dritten zug\u00e4nglich gemacht werden.<\/p>\n<p>Informationen zum Datenschutz finden Sie <a href=\"http:\/\/cabsystems.de\/home\/datenschutzerklaerung\/\">hier<\/a>. <\/p>\n<p><strong>Konzept, Gestaltung und Realisierung:<\/strong><br \/>\n<a href=\"http:\/\/www.michael-tobias.com\">Michael Tobias Content Marketing Ltd.<\/a><\/p>\n<h5>Diese Internetseite wurde mit <a href=\"http:\/\/wpde.org\/\">WordPress<\/a> erstellt. Grundlage ist eine umprogrammierte Version des Themes <a href=\"http:\/\/www.templateexpress.com\/discovery-theme\/\">Discovery<\/a>.<\/h5>\n","protected":false},"excerpt":{"rendered":"<p>CAB Systems GmbH Kaltenbrunnen 95 CH-9427 Wolfhalden Friedenstrasse 4 D-88317 Aichstetten Tel. +49 (0)7565\/914 42 50 Fax +49 (0)7565\/914 42 59 info@cabsystems.de www.cabsystems.de Inhaltlich Verantwortlicher gem\u00e4\u00df \u00a7 10 Absatz 3 MDStV: Roberto Carbone Rechtliche Hinweise: \u00a9 Copyright &#8211; alle Rechte vorbehalten. Diese Website wurde mit gr\u00f6\u00dftm\u00f6glicher Sorgfalt und Genauigkeit zusammengestellt. Trotzdem kann f\u00fcr die Fehlerfreiheit&#8230;<\/p>\n","protected":false},"author":1,"featured_media":0,"parent":12,"menu_order":0,"comment_status":"closed","ping_status":"closed","template":"","meta":[],"_links":{"self":[{"href":"https:\/\/cabsystems.de\/home\/wp-json\/wp\/v2\/pages\/14"}],"collection":[{"href":"https:\/\/cabsystems.de\/home\/wp-json\/wp\/v2\/pages"}],"about":[{"href":"https:\/\/cabsystems.de\/home\/wp-json\/wp\/v2\/types\/page"}],"author":[{"embeddable":true,"href":"https:\/\/cabsystems.de\/home\/wp-json\/wp\/v2\/users\/1"}],"replies":[{"embeddable":true,"href":"https:\/\/cabsystems.de\/home\/wp-json\/wp\/v2\/comments?post=14"}],"version-history":[{"count":8,"href":"https:\/\/cabsystems.de\/home\/wp-json\/wp\/v2\/pages\/14\/revisions"}],"predecessor-version":[{"id":165,"href":"https:\/\/cabsystems.de\/home\/wp-json\/wp\/v2\/pages\/14\/revisions\/165"}],"up":[{"embeddable":true,"href":"https:\/\/cabsystems.de\/home\/wp-json\/wp\/v2\/pages\/12"}],"wp:attachment":[{"href":"https:\/\/cabsystems.de\/home\/wp-json\/wp\/v2\/media?parent=14"}],"curies":[{"name":"wp","href":"https:\/\/api.w.org\/{rel}","templated":true}]}}