{"id":53,"date":"2016-04-26T16:43:33","date_gmt":"2016-04-26T14:43:33","guid":{"rendered":"http:\/\/cabsystems.de\/home\/?page_id=53"},"modified":"2021-12-09T14:39:56","modified_gmt":"2021-12-09T13:39:56","slug":"ncsimul","status":"publish","type":"page","link":"https:\/\/cabsystems.de\/home\/produkte\/ncsimul\/","title":{"rendered":"NCSIMUL"},"content":{"rendered":"<p><strong data-wp-editing=\"1\">NCSIMUL eine Software zur \u00dcberpr\u00fcfung und Simulation des NC-Codes.<\/strong><\/p>\n<p><strong data-wp-editing=\"1\"><img loading=\"lazy\" class=\"alignright size-medium wp-image-179\" src=\"http:\/\/cabsystems.de\/wp-content\/uploads\/2021\/12\/NCSiuml-300x162.png\" alt=\"\" width=\"300\" height=\"162\" srcset=\"https:\/\/cabsystems.de\/wp-content\/uploads\/2021\/12\/NCSiuml-300x162.png 300w, https:\/\/cabsystems.de\/wp-content\/uploads\/2021\/12\/NCSiuml-1024x551.png 1024w, https:\/\/cabsystems.de\/wp-content\/uploads\/2021\/12\/NCSiuml-768x414.png 768w, https:\/\/cabsystems.de\/wp-content\/uploads\/2021\/12\/NCSiuml-1536x827.png 1536w, https:\/\/cabsystems.de\/wp-content\/uploads\/2021\/12\/NCSiuml-2x1.png 2w, https:\/\/cabsystems.de\/wp-content\/uploads\/2021\/12\/NCSiuml.png 1920w\" sizes=\"(max-width: 300px) 100vw, 300px\" \/><\/strong><\/p>\n<p>Die Simulation umfasst die Gesamtheit aller Maschinenparameter, Werkzeuge, Spannmittel und Materialien. Dies erm\u00f6glicht es, jede erdenkliche Situation zu \u00fcberpr\u00fcfen; Maschinen Makro, fortlaufende Nummerierung, etc. Zudem ist es m\u00f6glich Bearbeitungsprogramme, basierend auf der realen Maschinenkinematik, zu optimieren und neu zu kalkulieren.<\/p>\n<p>Highlights :<\/p>\n<ul>\n<li>Verk\u00fcrzen der Umr\u00fcstzeiten<\/li>\n<li>Optimaler Einsatz des gew\u00e4hlten Fertigungswerkzeuges<\/li>\n<li>Schnelle Reaktionsf\u00e4higkeit dank Vereinfachung der Produktionsplanung<\/li>\n<li>Erh\u00f6ht die Sicherheit durch die Pr\u00e4vention von Maschinensch\u00e4den<\/li>\n<li>Senken der Fertigungszeiten<\/li>\n<\/ul>\n<p>Interesse geweckt? <a href=\"http:\/\/cabsystems.de\/home\/kontakt\/\">Kontaktieren Sie das CAB Systems-Team.<\/a><\/p>\n","protected":false},"excerpt":{"rendered":"<p>NCSIMUL eine Software zur \u00dcberpr\u00fcfung und Simulation des NC-Codes. Die Simulation umfasst die Gesamtheit aller Maschinenparameter, Werkzeuge, Spannmittel und Materialien. Dies erm\u00f6glicht es, jede erdenkliche Situation zu \u00fcberpr\u00fcfen; Maschinen Makro, fortlaufende Nummerierung, etc. Zudem ist es m\u00f6glich Bearbeitungsprogramme, basierend auf der realen Maschinenkinematik, zu optimieren und neu zu kalkulieren. Highlights : Verk\u00fcrzen der Umr\u00fcstzeiten Optimaler&#8230;<\/p>\n","protected":false},"author":1,"featured_media":0,"parent":6,"menu_order":0,"comment_status":"closed","ping_status":"closed","template":"","meta":[],"_links":{"self":[{"href":"https:\/\/cabsystems.de\/home\/wp-json\/wp\/v2\/pages\/53"}],"collection":[{"href":"https:\/\/cabsystems.de\/home\/wp-json\/wp\/v2\/pages"}],"about":[{"href":"https:\/\/cabsystems.de\/home\/wp-json\/wp\/v2\/types\/page"}],"author":[{"embeddable":true,"href":"https:\/\/cabsystems.de\/home\/wp-json\/wp\/v2\/users\/1"}],"replies":[{"embeddable":true,"href":"https:\/\/cabsystems.de\/home\/wp-json\/wp\/v2\/comments?post=53"}],"version-history":[{"count":9,"href":"https:\/\/cabsystems.de\/home\/wp-json\/wp\/v2\/pages\/53\/revisions"}],"predecessor-version":[{"id":180,"href":"https:\/\/cabsystems.de\/home\/wp-json\/wp\/v2\/pages\/53\/revisions\/180"}],"up":[{"embeddable":true,"href":"https:\/\/cabsystems.de\/home\/wp-json\/wp\/v2\/pages\/6"}],"wp:attachment":[{"href":"https:\/\/cabsystems.de\/home\/wp-json\/wp\/v2\/media?parent=53"}],"curies":[{"name":"wp","href":"https:\/\/api.w.org\/{rel}","templated":true}]}}