{"id":58,"date":"2016-04-26T16:48:50","date_gmt":"2016-04-26T14:48:50","guid":{"rendered":"http:\/\/cabsystems.de\/home\/?page_id=58"},"modified":"2021-12-21T11:35:44","modified_gmt":"2021-12-21T10:35:44","slug":"alphacam-designer","status":"publish","type":"page","link":"https:\/\/cabsystems.de\/home\/produkte\/alphacam-designer\/","title":{"rendered":"Alphacam Designer"},"content":{"rendered":"<p><strong>Alphacam Designer ist die ideale CAD-Software f\u00fcr Solid Anpassungen zur Programmierung im Alphacam.<\/strong><img loading=\"lazy\" class=\"alignright size-medium wp-image-174\" src=\"http:\/\/cabsystems.de\/wp-content\/uploads\/2021\/12\/DESIGNER_1-212x300.png\" alt=\"\" width=\"212\" height=\"300\" srcset=\"https:\/\/cabsystems.de\/wp-content\/uploads\/2021\/12\/DESIGNER_1-212x300.png 212w, https:\/\/cabsystems.de\/wp-content\/uploads\/2021\/12\/DESIGNER_1-724x1024.png 724w, https:\/\/cabsystems.de\/wp-content\/uploads\/2021\/12\/DESIGNER_1-768x1086.png 768w, https:\/\/cabsystems.de\/wp-content\/uploads\/2021\/12\/DESIGNER_1-1x1.png 1w, https:\/\/cabsystems.de\/wp-content\/uploads\/2021\/12\/DESIGNER_1.png 1001w\" sizes=\"(max-width: 212px) 100vw, 212px\" \/><\/p>\n<p><strong>Direkte Modellierung<\/strong><br \/>\nAlphacam Designer befreit den Benutzer von allen Einschr\u00e4nkungen, welche \u00fcblicherweise bei traditionellen Modellierungssystemen auftreten.<\/p>\n<p><strong>Einfache Handhabung<\/strong><br \/>\nDurch Begrenzung der Anzahl Befehle entstand eine Software, welche einfach und selbsterkl\u00e4rend zu bedienen ist.<\/p>\n<p><strong>Reparatur von Solid-Modellen<\/strong><br \/>\nNicht selten weisen Solid-Modelle fehlende oder abgeschnittene Oberfl\u00e4chen auf. Alphacam Designer bietet hierf\u00fcr Programmierwerkzeuge zur Behebung von Solidfehlern an.<\/p>\n<p><strong>Vereinfachung von Solid-Modellen<\/strong><br \/>\nGewisse Elemente in Solid Modellen sind unn\u00fctz und k\u00f6nnen die Programmierung st\u00f6ren. Alphacam Designer erm\u00f6glicht es, die Solid-Modelle vor ihrer Weiterverwendung im Alphacam einfach und schnell anzupassen.<\/p>\n<p><strong>CAM-Anpassungen<\/strong><br \/>\nAlphacam Designer erstellt automatisch f\u00fcr die Programmierung perfekt zugeschnittene Solid Modelle mit sauberen Oberfl\u00e4chen und der CAM-Software angepassten Maschenweiten.<\/p>\n<p>Interesse geweckt? <a href=\"http:\/\/cabsystems.de\/home\/kontakt\/\">Kontaktieren Sie das CAB Systems-Team.<\/a><\/p>\n","protected":false},"excerpt":{"rendered":"<p>Alphacam Designer ist die ideale CAD-Software f\u00fcr Solid Anpassungen zur Programmierung im Alphacam. Direkte Modellierung Alphacam Designer befreit den Benutzer von allen Einschr\u00e4nkungen, welche \u00fcblicherweise bei traditionellen Modellierungssystemen auftreten. Einfache Handhabung Durch Begrenzung der Anzahl Befehle entstand eine Software, welche einfach und selbsterkl\u00e4rend zu bedienen ist. Reparatur von Solid-Modellen Nicht selten weisen Solid-Modelle fehlende oder&#8230;<\/p>\n","protected":false},"author":1,"featured_media":0,"parent":6,"menu_order":0,"comment_status":"closed","ping_status":"closed","template":"","meta":[],"_links":{"self":[{"href":"https:\/\/cabsystems.de\/home\/wp-json\/wp\/v2\/pages\/58"}],"collection":[{"href":"https:\/\/cabsystems.de\/home\/wp-json\/wp\/v2\/pages"}],"about":[{"href":"https:\/\/cabsystems.de\/home\/wp-json\/wp\/v2\/types\/page"}],"author":[{"embeddable":true,"href":"https:\/\/cabsystems.de\/home\/wp-json\/wp\/v2\/users\/1"}],"replies":[{"embeddable":true,"href":"https:\/\/cabsystems.de\/home\/wp-json\/wp\/v2\/comments?post=58"}],"version-history":[{"count":11,"href":"https:\/\/cabsystems.de\/home\/wp-json\/wp\/v2\/pages\/58\/revisions"}],"predecessor-version":[{"id":212,"href":"https:\/\/cabsystems.de\/home\/wp-json\/wp\/v2\/pages\/58\/revisions\/212"}],"up":[{"embeddable":true,"href":"https:\/\/cabsystems.de\/home\/wp-json\/wp\/v2\/pages\/6"}],"wp:attachment":[{"href":"https:\/\/cabsystems.de\/home\/wp-json\/wp\/v2\/media?parent=58"}],"curies":[{"name":"wp","href":"https:\/\/api.w.org\/{rel}","templated":true}]}}