{"id":8,"date":"2016-04-26T10:48:52","date_gmt":"2016-04-26T08:48:52","guid":{"rendered":"http:\/\/cabsystems.de\/?page_id=8"},"modified":"2016-04-26T17:03:03","modified_gmt":"2016-04-26T15:03:03","slug":"dienstleistungen","status":"publish","type":"page","link":"https:\/\/cabsystems.de\/home\/dienstleistungen\/","title":{"rendered":"Dienstleistungen"},"content":{"rendered":"<p><img loading=\"lazy\" class=\"alignnone wp-image-67 size-full\" src=\"http:\/\/cabsystems.de\/wp-content\/uploads\/2016\/04\/alphacam-1.jpg\" alt=\"alphacam\" width=\"799\" height=\"300\" srcset=\"https:\/\/cabsystems.de\/wp-content\/uploads\/2016\/04\/alphacam-1.jpg 799w, https:\/\/cabsystems.de\/wp-content\/uploads\/2016\/04\/alphacam-1-300x113.jpg 300w, https:\/\/cabsystems.de\/wp-content\/uploads\/2016\/04\/alphacam-1-768x288.jpg 768w, https:\/\/cabsystems.de\/wp-content\/uploads\/2016\/04\/alphacam-1-3x1.jpg 3w\" sizes=\"(max-width: 799px) 100vw, 799px\" \/><\/p>\n<h1>Unser Service macht den Unterschied!<\/h1>\n<p>Die Kunden von CAB Systems wissen den Service des Unternehmens zu sch\u00e4tzen: Von der Planung \u00fcber die Inbetriebnahme und Schulung bis hin zur Programmierung von schwierigen Teilen f\u00fcr Bestandskunden reicht das Angebot.\u00a0 Die prompte, flexible und kompetente Hilfestellung der CAB Systems-Mannschaft ist eines der unverkennbaren Markenzeichen des Unternehmens.<\/p>\n<p>Sie wollen mehr zu den Dienstleistungen erfahren? <a href=\"http:\/\/cabsystems.de\/kontakt\/\">Dann nehmen Sie mit uns Kontakt auf!<\/a><\/p>\n","protected":false},"excerpt":{"rendered":"<p>Unser Service macht den Unterschied! Die Kunden von CAB Systems wissen den Service des Unternehmens zu sch\u00e4tzen: Von der Planung \u00fcber die Inbetriebnahme und Schulung bis hin zur Programmierung von schwierigen Teilen f\u00fcr Bestandskunden reicht das Angebot.\u00a0 Die prompte, flexible und kompetente Hilfestellung der CAB Systems-Mannschaft ist eines der unverkennbaren Markenzeichen des Unternehmens. Sie wollen&#8230;<\/p>\n","protected":false},"author":1,"featured_media":0,"parent":0,"menu_order":0,"comment_status":"closed","ping_status":"closed","template":"","meta":[],"_links":{"self":[{"href":"https:\/\/cabsystems.de\/home\/wp-json\/wp\/v2\/pages\/8"}],"collection":[{"href":"https:\/\/cabsystems.de\/home\/wp-json\/wp\/v2\/pages"}],"about":[{"href":"https:\/\/cabsystems.de\/home\/wp-json\/wp\/v2\/types\/page"}],"author":[{"embeddable":true,"href":"https:\/\/cabsystems.de\/home\/wp-json\/wp\/v2\/users\/1"}],"replies":[{"embeddable":true,"href":"https:\/\/cabsystems.de\/home\/wp-json\/wp\/v2\/comments?post=8"}],"version-history":[{"count":4,"href":"https:\/\/cabsystems.de\/home\/wp-json\/wp\/v2\/pages\/8\/revisions"}],"predecessor-version":[{"id":68,"href":"https:\/\/cabsystems.de\/home\/wp-json\/wp\/v2\/pages\/8\/revisions\/68"}],"wp:attachment":[{"href":"https:\/\/cabsystems.de\/home\/wp-json\/wp\/v2\/media?parent=8"}],"curies":[{"name":"wp","href":"https:\/\/api.w.org\/{rel}","templated":true}]}}