{"id":94,"date":"2016-04-27T11:48:50","date_gmt":"2016-04-27T09:48:50","guid":{"rendered":"http:\/\/cabsystems.de\/home\/?page_id=94"},"modified":"2021-12-22T16:31:13","modified_gmt":"2021-12-22T15:31:13","slug":"support","status":"publish","type":"page","link":"https:\/\/cabsystems.de\/home\/support\/","title":{"rendered":"Support"},"content":{"rendered":"<p>Sie haben Fragen oder Herausforderungen beim Programmieren von Teilen? Dann wenden Sie sich gern an unseren Support.<\/p>\n<p>Wir sind von Montag bis Freitag von 8:00-12:00 und 13:00-17:00 Uhr telefonisch f\u00fcr Sie erreichbar.<\/p>\n<p>Zudem bieten wir Ihnen bequemen Live-Support \u00fcber das Programm <strong>TeamViewer<\/strong>. <a href=\"https:\/\/get.teamviewer.com\/66sfsxt\" target=\"_blank\" rel=\"noopener\">Hier<\/a> k\u00f6nnen Sie sich die aktuelle Version f\u00fcr Windows herunterladen.<\/p>\n","protected":false},"excerpt":{"rendered":"<p>Sie haben Fragen oder Herausforderungen beim Programmieren von Teilen? Dann wenden Sie sich gern an unseren Support. Wir sind von Montag bis Freitag von 8:00-12:00 und 13:00-17:00 Uhr telefonisch f\u00fcr Sie erreichbar. Zudem bieten wir Ihnen bequemen Live-Support \u00fcber das Programm TeamViewer. Hier k\u00f6nnen Sie sich die aktuelle Version f\u00fcr Windows herunterladen.<\/p>\n","protected":false},"author":1,"featured_media":0,"parent":0,"menu_order":0,"comment_status":"closed","ping_status":"closed","template":"","meta":[],"_links":{"self":[{"href":"https:\/\/cabsystems.de\/home\/wp-json\/wp\/v2\/pages\/94"}],"collection":[{"href":"https:\/\/cabsystems.de\/home\/wp-json\/wp\/v2\/pages"}],"about":[{"href":"https:\/\/cabsystems.de\/home\/wp-json\/wp\/v2\/types\/page"}],"author":[{"embeddable":true,"href":"https:\/\/cabsystems.de\/home\/wp-json\/wp\/v2\/users\/1"}],"replies":[{"embeddable":true,"href":"https:\/\/cabsystems.de\/home\/wp-json\/wp\/v2\/comments?post=94"}],"version-history":[{"count":26,"href":"https:\/\/cabsystems.de\/home\/wp-json\/wp\/v2\/pages\/94\/revisions"}],"predecessor-version":[{"id":225,"href":"https:\/\/cabsystems.de\/home\/wp-json\/wp\/v2\/pages\/94\/revisions\/225"}],"wp:attachment":[{"href":"https:\/\/cabsystems.de\/home\/wp-json\/wp\/v2\/media?parent=94"}],"curies":[{"name":"wp","href":"https:\/\/api.w.org\/{rel}","templated":true}]}}